{"id":55,"date":"2012-07-23T15:54:23","date_gmt":"2012-07-23T15:54:23","guid":{"rendered":"http:\/\/mahimba.com\/?page_id=55"},"modified":"2023-08-02T14:00:10","modified_gmt":"2023-08-02T13:00:10","slug":"gaste-infos-2","status":"publish","type":"page","link":"https:\/\/ferienhausromantica.ch\/wordpress\/?page_id=55","title":{"rendered":"SaastalCard"},"content":{"rendered":"<h2 class=\"wp-block-heading\"><strong>Der B\u00fcrgerpass im Sommer \u2013 Mobilit\u00e4t ist Mehrwert!<\/strong> <\/h2>\n<h3 class=\"wp-block-heading\">Mit der SaastalCard, der Mehrwert-G\u00e4stekarte der Freien Ferienrepublik Saas-Fee, sind Sie bei uns auch im Sommer 2023 stressfrei und mobil!<\/h3>\n<h3 class=\"wp-block-heading\">Ab der 1. \u00dcbernachtung nutzen Sie mit dem B\u00fcrgerpass bis zu 10 von&nbsp; 11 Bergbahnen gratis, mit Ausnahme der Metro Alpin, so oft Sie wollen. Alle PostAutofahrten von Niedergut bis Saas-Fee und von Saas-Grund bis Mattmark sind ebenfalls inklusive. Nicht g\u00fcltig f\u00fcr An- und Abreise.<\/h3>\n<h3 class=\"wp-block-heading\">Obendrein profitieren Sie von zahlreichen Mehrwerten und Rabatten wie beispielsweise wie verg\u00fcnstigtes Parking in Saas-Fee und attraktive Partner-Angebote, die Ihre Urlaubskasse zus\u00e4tzlich entlasten.<\/h3>\n<h2 class=\"wp-block-heading\"><strong>Metro Plus Ticket im Sommer<\/strong><\/h2>\n<h3 class=\"wp-block-heading\">Beim Kauf eines&nbsp;<strong>Metro Plus Tickets&nbsp;<\/strong>(Fussg\u00e4ngerticket Saas-Fee Mittelallalin) bezahlt man einmalig CHF 45.00 (Kinder 6 &#8211; 16 Jahre CHF 38.00) und kann danach w\u00e4hrend der Dauer seines Aufenthalts beliebig oft aufs Mittelallalin fahren.&nbsp;&nbsp;Zudem ist mit dem Metro Plus Ticket der Eintritt in den <a href=\"http:\/\/www.saas-fee.ch\/eispavillon\">Eispavillon&nbsp;<\/a>und das Erlebnisland&nbsp;<a href=\"http:\/\/www.saas-fee.ch\/swissglacierworld\">Swiss Glacier World<\/a>&nbsp;gratis.&nbsp;<strong>Das Angebot ist nur mit&nbsp;einem g\u00fcltigen B\u00fcrgerpass g\u00fcltig<\/strong>.<\/h3>\n<h2 class=\"wp-block-heading\"><strong>B\u00fcrgerpass im Winter<\/strong><\/h2>\n<h3 class=\"wp-block-heading\">Der B\u00fcrgerpass ist die Mehrwert-G\u00e4stekarte der Freien Ferienrepublik Saas-Fee. Alle G\u00e4ste unserer Partnerbetriebe kommen dank dem B\u00fcrgerpass in den Genuss von zahlreichen Attraktionen, wie beispielsweise die uneingeschr\u00e4nkte Nutzung des PostAuto\u2018s im gesamten Saastal. Der B\u00fcrgerpass ist bereits ab der ersten \u00dcbernachtung sowie am An- oder Abreisetag g\u00fcltig.<\/h3>\n<h3 class=\"wp-block-heading\">Mehr Infos zum B\u00fcrgerpass im Winter finden Sie <a href=\"https:\/\/www.saas-fee.ch\/de\/buergerpass\/\"><strong>hier<\/strong><\/a>.<\/h3>\n","protected":false},"excerpt":{"rendered":"<p>Der B\u00fcrgerpass im Sommer \u2013 Mobilit\u00e4t ist Mehrwert! Mit der SaastalCard, der Mehrwert-G\u00e4stekarte der Freien Ferienrepublik Saas-Fee, sind Sie bei uns auch im Sommer 2023 stressfrei und mobil! Ab der 1. \u00dcbernachtung nutzen Sie mit dem B\u00fcrgerpass bis zu 10 von&nbsp; 11 Bergbahnen gratis, mit Ausnahme der Metro Alpin, so &#8230;<\/p>\n","protected":false},"author":1,"featured_media":0,"parent":0,"menu_order":6,"comment_status":"closed","ping_status":"closed","template":"","meta":{"footnotes":""},"class_list":["post-55","page","type-page","status-publish","hentry","column","twocol"],"_links":{"self":[{"href":"https:\/\/ferienhausromantica.ch\/wordpress\/index.php?rest_route=\/wp\/v2\/pages\/55","targetHints":{"allow":["GET"]}}],"collection":[{"href":"https:\/\/ferienhausromantica.ch\/wordpress\/index.php?rest_route=\/wp\/v2\/pages"}],"about":[{"href":"https:\/\/ferienhausromantica.ch\/wordpress\/index.php?rest_route=\/wp\/v2\/types\/page"}],"author":[{"embeddable":true,"href":"https:\/\/ferienhausromantica.ch\/wordpress\/index.php?rest_route=\/wp\/v2\/users\/1"}],"replies":[{"embeddable":true,"href":"https:\/\/ferienhausromantica.ch\/wordpress\/index.php?rest_route=%2Fwp%2Fv2%2Fcomments&post=55"}],"version-history":[{"count":14,"href":"https:\/\/ferienhausromantica.ch\/wordpress\/index.php?rest_route=\/wp\/v2\/pages\/55\/revisions"}],"predecessor-version":[{"id":1173,"href":"https:\/\/ferienhausromantica.ch\/wordpress\/index.php?rest_route=\/wp\/v2\/pages\/55\/revisions\/1173"}],"wp:attachment":[{"href":"https:\/\/ferienhausromantica.ch\/wordpress\/index.php?rest_route=%2Fwp%2Fv2%2Fmedia&parent=55"}],"curies":[{"name":"wp","href":"https:\/\/api.w.org\/{rel}","templated":true}]}}