{"id":252,"date":"2013-06-30T10:49:05","date_gmt":"2013-06-30T10:49:05","guid":{"rendered":"http:\/\/mahimba.com\/?page_id=252"},"modified":"2019-04-23T13:16:55","modified_gmt":"2019-04-23T12:16:55","slug":"wohnungen","status":"publish","type":"page","link":"https:\/\/ferienhausromantica.ch\/wordpress\/?page_id=252","title":{"rendered":"Wohnungen"},"content":{"rendered":"<h3 class=\"wp-block-heading\">In unserem Haus bieten wir Ihnen Wohnungen f\u00fcr 2-6 Personen an:<\/h3>\n<ul class=\"wp-block-list\">\n<li> <strong><a href=\"http:\/\/ferienhausromantica.ch\/wordpress\/?page_id=226\">2x 4er Wohnungen f\u00fcr 2-4 Personen (60m2)<\/a><\/strong> <\/li>\n<li> <strong><a href=\"http:\/\/ferienhausromantica.ch\/wordpress\/?page_id=655\">2x 6er Wohnungen f\u00fcr 2-6 Personen (80m2)<\/a><\/strong> <\/li>\n<li> <strong><a href=\"http:\/\/ferienhausromantica.ch\/wordpress\/?page_id=237\">1x Doppelzimmer<\/a><\/strong> <\/li>\n<li> <strong><a href=\"http:\/\/ferienhausromantica.ch\/wordpress\/?page_id=804\">2x Dreibettzimmer<\/a><\/strong> <\/li>\n<\/ul>\n<h3 class=\"wp-block-heading\">Alle Wohnungen sind heimelig und komfortabel ausgestattet. Einen detaillierten Wohnungsbeschrieb finden Sie jeweils bei der Rubrik Wohnungen.<\/h3>\n<h3 class=\"wp-block-heading\">Es ist m\u00f6glich nach Absprache Ferienwohnungen als Familienzimmer zu buchen und dies dann mit dem Hotel zu kombinieren.<\/h3>\n<h3 class=\"wp-block-heading\"><strong>Allgemeine Infos zu den Wohnungen:<\/strong><\/h3>\n<ul class=\"wp-block-list\">\n<li> Schuh- und Skiraum vorhanden. <\/li>\n<li>K\u00fcchent\u00fccher und Badew\u00e4sche inbegriffen <\/li>\n<li>Haustiere sind&nbsp;erlaubt \/ CHF 7.- pro Tag <\/li>\n<li>W-Lan vorhanden <\/li>\n<li>Der Internetcorner steht Ihnen t\u00e4glich&nbsp;kostenlos zur Verf\u00fcgung beim Hotel nebenan <\/li>\n<li>Liege- und Spielwiese mit Grillplatz <\/li>\n<li>grosser privater Parkplatz 50 m neben dem Haus <\/li>\n<\/ul>\n<h3 class=\"wp-block-heading\" style=\"text-align:center\">Hier gehen Sie zu unserem Hotel B\u00e4rgsunnu: <strong><a href=\"http:\/\/baergsunnu.ch\/\">www.baergsunnu.ch<\/a><\/strong><\/h3>\n","protected":false},"excerpt":{"rendered":"<p>In unserem Haus bieten wir Ihnen Wohnungen f\u00fcr 2-6 Personen an: 2x 4er Wohnungen f\u00fcr 2-4 Personen (60m2) 2x 6er Wohnungen f\u00fcr 2-6 Personen (80m2) 1x Doppelzimmer 2x Dreibettzimmer Alle Wohnungen sind heimelig und komfortabel ausgestattet. Einen detaillierten Wohnungsbeschrieb finden Sie jeweils bei der Rubrik Wohnungen. Es ist m\u00f6glich nach &#8230;<\/p>\n","protected":false},"author":1,"featured_media":0,"parent":0,"menu_order":2,"comment_status":"closed","ping_status":"closed","template":"","meta":{"footnotes":""},"class_list":["post-252","page","type-page","status-publish","hentry","column","twocol"],"_links":{"self":[{"href":"https:\/\/ferienhausromantica.ch\/wordpress\/index.php?rest_route=\/wp\/v2\/pages\/252","targetHints":{"allow":["GET"]}}],"collection":[{"href":"https:\/\/ferienhausromantica.ch\/wordpress\/index.php?rest_route=\/wp\/v2\/pages"}],"about":[{"href":"https:\/\/ferienhausromantica.ch\/wordpress\/index.php?rest_route=\/wp\/v2\/types\/page"}],"author":[{"embeddable":true,"href":"https:\/\/ferienhausromantica.ch\/wordpress\/index.php?rest_route=\/wp\/v2\/users\/1"}],"replies":[{"embeddable":true,"href":"https:\/\/ferienhausromantica.ch\/wordpress\/index.php?rest_route=%2Fwp%2Fv2%2Fcomments&post=252"}],"version-history":[{"count":7,"href":"https:\/\/ferienhausromantica.ch\/wordpress\/index.php?rest_route=\/wp\/v2\/pages\/252\/revisions"}],"predecessor-version":[{"id":1049,"href":"https:\/\/ferienhausromantica.ch\/wordpress\/index.php?rest_route=\/wp\/v2\/pages\/252\/revisions\/1049"}],"wp:attachment":[{"href":"https:\/\/ferienhausromantica.ch\/wordpress\/index.php?rest_route=%2Fwp%2Fv2%2Fmedia&parent=252"}],"curies":[{"name":"wp","href":"https:\/\/api.w.org\/{rel}","templated":true}]}}