{"id":226,"date":"2013-06-30T09:59:21","date_gmt":"2013-06-30T09:59:21","guid":{"rendered":"http:\/\/mahimba.com\/?page_id=226"},"modified":"2019-05-07T16:45:19","modified_gmt":"2019-05-07T15:45:19","slug":"25-zimmerwohnung","status":"publish","type":"page","link":"https:\/\/ferienhausromantica.ch\/wordpress\/?page_id=226","title":{"rendered":"4er Wohnung &#8222;Kuh&#8220;"},"content":{"rendered":"<div class=\"wp-block-media-text alignwide\">\n<figure class=\"wp-block-media-text__media\"><img alt=\"\"\/><\/figure>\n<div class=\"wp-block-media-text__content\">\n<p class=\"has-large-font-size\">\n<\/div>\n<\/div>\n<h4 class=\"wp-block-heading\"><script type=\"text\/javascript\">\r\ndocument.addEventListener(\"DOMContentLoaded\", function(event) { \r\n\tjQuery( '#slider-pro-3-981' ).sliderPro({\r\n\t\t\/\/width\r\n\t\t\t\twidth: 1000,\r\n\t\t\t\t\r\n\t\t\/\/height\r\n\t\t\t\theight: 500,\r\n\t\t\t\t\r\n\t\t\/\/auto play\r\n\t\t\t\tautoplay:  true,\r\n\t\tautoplayOnHover: 'none',\r\n\t\t\t\t\t\t\t\tautoplayDelay: 5000,\r\n\t\t\r\n\t\t\r\n\t\tarrows: true,\r\n\t\tbuttons: true,\r\n\t\tsmallSize: 500,\r\n\t\tmediumSize: 1000,\r\n\t\tlargeSize: 3000,\r\n\t\tfade: true,\r\n\t\t\r\n\t\t\/\/thumbnail\r\n\t\tthumbnailArrows: true,\r\n\t\tthumbnailWidth: 120,\r\n\t\tthumbnailHeight: 120,\r\n\t\t\t\t\t\tthumbnailsPosition: 'bottom',\r\n\t\t\t\t\t\tcenterImage: true,\r\n\t\timageScaleMode: 'cover',\r\n\t\tallowScaleUp: true,\r\n\t\t\t\tstartSlide: 0,\r\n\t\tloop: true,\r\n\t\tslideDistance: 5,\r\n\t\tautoplayDirection: 'normal',\r\n\t\ttouchSwipe: true,\r\n\t\tfullScreen: true,\r\n\t});\r\n});\r\n<\/script>\r\n<style>\r\n\/* Layout 3 *\/\r\n\/* border *\/\r\n#slider-pro-3-981 .sp-selected-thumbnail {\r\n\tborder: 4px solid #000000;\r\n}\r\n\r\n\/* font + color *\/\r\n.title-in  {\r\n\tfont-family: Arial !important;\r\n\tcolor: #FFFFFF !important;\r\n\tbackground-color: #000000 !important;\r\n\topacity: 0.7 !important;\r\n}\r\n.desc-in  {\r\n\tfont-family: Arial !important;\r\n\tcolor: #FFFFFF !important;\r\n\tbackground-color: #00000 !important;\r\n\topacity: 0.7 !important;\r\n}\r\n\r\n\/* bullets color *\/\r\n.sp-button  {\r\n\tborder: 2px solid #000000 !important;\r\n}\r\n.sp-selected-button  {\r\n\tbackground-color: #000000 !important;\r\n}\r\n\r\n\/* pointer color - bottom *\/\r\n.sp-selected-thumbnail::before {\r\n\tborder-bottom: 5px solid #000000 !important;\r\n}\r\n.sp-selected-thumbnail::after {\r\n\tborder-bottom: 13px solid #000000 !important;\r\n}\r\n\r\n\/* pointer color - top *\/\r\n\r\n\/* full screen icon *\/\r\n.sp-full-screen-button::before {\r\n    color: #FFFFFF !important;\r\n}\r\n\r\n\/* hover navigation icon color *\/\r\n.sp-next-arrow::after, .sp-next-arrow::before {\r\n\tbackground-color: #FFFFFF !important;\r\n}\r\n.sp-previous-arrow::after, .sp-previous-arrow::before {\r\n\tbackground-color: #FFFFFF !important;\r\n}\r\n\r\n#slider-pro-3-981 .title-in {\r\n\tcolor: #FFFFFF !important;\r\n\tfont-weight: bolder;\r\n\ttext-align: center;\r\n}\r\n\r\n#slider-pro-3-981 .title-in-bg {\r\n\tbackground: rgba(255, 255, 255, 0.7); !important;\r\n\twhite-space: unset !important;\r\n\ttransform: initial !important;\r\n\t-webkit-transform: initial !important;\r\n\tfont-size: 14px !important;\r\n}\r\n\r\n#slider-pro-3-981 .desc-in {\r\n\tcolor: #FFFFFF !important;\r\n\ttext-align: center;\r\n}\r\n#slider-pro-3-981 .desc-in-bg {\r\n\tbackground: rgba(#00000, 0.7) !important;\r\n\twhite-space: unset !important;\r\n\ttransform: initial !important;\r\n\t-webkit-transform: initial !important;\r\n\tfont-size: 13px !important;\r\n}\r\n\r\n@media (max-width: 640px) {\r\n\t#slider-pro-3-981 .hide-small-screen {\r\n\t\tdisplay: none;\r\n\t}\r\n}\r\n\r\n@media (max-width: 860px) {\r\n\t#slider-pro-3-981 .sp-layer {\r\n\t\tfont-size: 18px;\r\n\t}\r\n\t\r\n\t#slider-pro-3-981 .hide-medium-screen {\r\n\t\tdisplay: none;\r\n\t}\r\n}\r\n.slides-not-found {\r\n\tbackground-color: #a92929;\r\n\tborder-radius: 5px;\r\n\tcolor: #fff;\r\n\tfont-family: initial;\r\n\ttext-align: center;\r\n\tpadding:12px;\r\n}\r\n\/* Custom CSS *\/\r\n<\/style>\r\n<div id=\"uris-slider-title\">\r\n\t<h3 class=\"uris-slider-post-title\">4er Wohnung Kuh<\/h3>\r\n<\/div>\r\n\t\t<div id=\"slider-pro-3-981\" class=\"slider-pro\">\r\n\t\t\t<!---- slides div start ---->\r\n\t\t\t<div class=\"sp-slides\">\r\n\t\t\t\t\t\t\t<\/div>\r\n\t\t\t\r\n\t\t\t<!---- slides div end ---->\r\n\t\t\t\t\t\t<!-- slides thumbnails div start -->\r\n\t\t\t<div class=\"sp-thumbnails\">\r\n\t\t\t\t\t\t\t<\/div>\r\n\t\t\t\t\t\t<!-- slides thumbnails div end -->\r\n\t\t<\/div>\r\n<\/h4>\n<h2 class=\"wp-block-heading\"><strong>Unsere 4er Wohnungen haben folgende Austattung<\/strong><\/h2>\n<p class=\"has-medium-font-size\">-Grosse K\u00fcche mit Essraum, Sp\u00fclmaschine, Backofen, <br \/>  K\u00fchlschrank mit kl. Gefrierfach und Nespresso-Maschine  <\/p>\n<p class=\"has-medium-font-size\">-Fondue-Set, Raclette-Ofen, Wasserkocher <\/p>\n<p class=\"has-medium-font-size\">-Dusche\/WC mit Badet\u00fccher<\/p>\n<p class=\"has-medium-font-size\">-Radio und Sat-TV Anlage, Safe<\/p>\n<p class=\"has-medium-font-size\">-Ein getrenntes Schlafzimmer mit Lavabo<\/p>\n<p class=\"has-medium-font-size\">-Ein grosser Wohnraum mit Schlafsofa<\/p>\n<p class=\"has-medium-font-size\">-Bettw\u00e4sche uns K\u00fcchent\u00fccher vorhanden<\/p>\n<p class=\"has-medium-font-size\">-S\u00fcd- und Ostbalkon<\/p>\n<p class=\"has-medium-font-size\">-Sonnenschirm und Liegestuhl<\/p>\n<p class=\"has-medium-font-size\">-Grosse Parkanlage mit Barbecue (Grillstelle)<\/p>\n<h3 class=\"wp-block-heading\">Auf Wunsch k\u00f6nnen die Wohnungen auch mit Halbpension gemietet werden.<\/h3>\n","protected":false},"excerpt":{"rendered":"<p>Unsere 4er Wohnungen haben folgende Austattung -Grosse K\u00fcche mit Essraum, Sp\u00fclmaschine, Backofen, K\u00fchlschrank mit kl. Gefrierfach und Nespresso-Maschine -Fondue-Set, Raclette-Ofen, Wasserkocher -Dusche\/WC mit Badet\u00fccher -Radio und Sat-TV Anlage, Safe -Ein getrenntes Schlafzimmer mit Lavabo -Ein grosser Wohnraum mit Schlafsofa -Bettw\u00e4sche uns K\u00fcchent\u00fccher vorhanden -S\u00fcd- und Ostbalkon -Sonnenschirm und Liegestuhl -Grosse &#8230;<\/p>\n","protected":false},"author":1,"featured_media":0,"parent":252,"menu_order":3,"comment_status":"closed","ping_status":"closed","template":"","meta":{"footnotes":""},"class_list":["post-226","page","type-page","status-publish","hentry","column","twocol"],"_links":{"self":[{"href":"https:\/\/ferienhausromantica.ch\/wordpress\/index.php?rest_route=\/wp\/v2\/pages\/226","targetHints":{"allow":["GET"]}}],"collection":[{"href":"https:\/\/ferienhausromantica.ch\/wordpress\/index.php?rest_route=\/wp\/v2\/pages"}],"about":[{"href":"https:\/\/ferienhausromantica.ch\/wordpress\/index.php?rest_route=\/wp\/v2\/types\/page"}],"author":[{"embeddable":true,"href":"https:\/\/ferienhausromantica.ch\/wordpress\/index.php?rest_route=\/wp\/v2\/users\/1"}],"replies":[{"embeddable":true,"href":"https:\/\/ferienhausromantica.ch\/wordpress\/index.php?rest_route=%2Fwp%2Fv2%2Fcomments&post=226"}],"version-history":[{"count":12,"href":"https:\/\/ferienhausromantica.ch\/wordpress\/index.php?rest_route=\/wp\/v2\/pages\/226\/revisions"}],"predecessor-version":[{"id":1160,"href":"https:\/\/ferienhausromantica.ch\/wordpress\/index.php?rest_route=\/wp\/v2\/pages\/226\/revisions\/1160"}],"up":[{"embeddable":true,"href":"https:\/\/ferienhausromantica.ch\/wordpress\/index.php?rest_route=\/wp\/v2\/pages\/252"}],"wp:attachment":[{"href":"https:\/\/ferienhausromantica.ch\/wordpress\/index.php?rest_route=%2Fwp%2Fv2%2Fmedia&parent=226"}],"curies":[{"name":"wp","href":"https:\/\/api.w.org\/{rel}","templated":true}]}}