{"id":204,"date":"2013-06-30T09:33:46","date_gmt":"2013-06-30T07:33:46","guid":{"rendered":"http:\/\/mahimba.com\/?page_id=204"},"modified":"2019-05-07T16:23:32","modified_gmt":"2019-05-07T15:23:32","slug":"ferienhaus-romantica","status":"publish","type":"page","link":"https:\/\/ferienhausromantica.ch\/wordpress\/?page_id=204","title":{"rendered":"Ferienhaus"},"content":{"rendered":"<h2 class=\"wp-block-heading\" style=\"text-align:center\">Das Haus Romantica&nbsp;ist ein familiengef\u00fchrtes Haus, bei welchem das Sprichwort<strong>&nbsp;\u201cder Gast ist K\u00f6nig\u201d<\/strong>&nbsp;gross geschrieben&nbsp;wird.<\/h2>\n<h2 class=\"wp-block-heading\" style=\"text-align:center\">Wir sind stets um zufriedene G\u00e4ste bem\u00fcht und setzen viel daran, Ihnen ein paar unbeschwerte und sch\u00f6ne Tage bereiten zu k\u00f6nnen!<\/h2>\n<div class=\"wp-block-image\">\n<figure class=\"aligncenter is-resized\"><img loading=\"lazy\" decoding=\"async\" src=\"http:\/\/ferienhausromantica.ch\/wordpress\/wp-content\/uploads\/2019\/05\/DSC00006-1024x683.jpg\" alt=\"\" class=\"wp-image-1122\" width=\"710\" height=\"473\" srcset=\"https:\/\/ferienhausromantica.ch\/wordpress\/wp-content\/uploads\/2019\/05\/DSC00006-1024x683.jpg 1024w, https:\/\/ferienhausromantica.ch\/wordpress\/wp-content\/uploads\/2019\/05\/DSC00006-300x200.jpg 300w, https:\/\/ferienhausromantica.ch\/wordpress\/wp-content\/uploads\/2019\/05\/DSC00006-768x512.jpg 768w, https:\/\/ferienhausromantica.ch\/wordpress\/wp-content\/uploads\/2019\/05\/DSC00006-500x333.jpg 500w, https:\/\/ferienhausromantica.ch\/wordpress\/wp-content\/uploads\/2019\/05\/DSC00006-700x467.jpg 700w, https:\/\/ferienhausromantica.ch\/wordpress\/wp-content\/uploads\/2019\/05\/DSC00006-332x221.jpg 332w\" sizes=\"auto, (max-width: 710px) 100vw, 710px\" \/><\/figure>\n<\/div>\n<h3 class=\"wp-block-heading\" style=\"text-align:center\">Hier gehen Sie zu unserem Hotel B\u00e4rgsunnu: <strong><a href=\"http:\/\/baergsunnu.ch\/\">www.baergsunnu.ch<\/a><\/strong><\/h3>\n","protected":false},"excerpt":{"rendered":"<p>Das Haus Romantica&nbsp;ist ein familiengef\u00fchrtes Haus, bei welchem das Sprichwort&nbsp;\u201cder Gast ist K\u00f6nig\u201d&nbsp;gross geschrieben&nbsp;wird. Wir sind stets um zufriedene G\u00e4ste bem\u00fcht und setzen viel daran, Ihnen ein paar unbeschwerte und sch\u00f6ne Tage bereiten zu k\u00f6nnen! Hier gehen Sie zu unserem Hotel B\u00e4rgsunnu: www.baergsunnu.ch<\/p>\n","protected":false},"author":1,"featured_media":0,"parent":0,"menu_order":1,"comment_status":"closed","ping_status":"closed","template":"","meta":{"footnotes":""},"class_list":["post-204","page","type-page","status-publish","hentry","column","twocol"],"_links":{"self":[{"href":"https:\/\/ferienhausromantica.ch\/wordpress\/index.php?rest_route=\/wp\/v2\/pages\/204","targetHints":{"allow":["GET"]}}],"collection":[{"href":"https:\/\/ferienhausromantica.ch\/wordpress\/index.php?rest_route=\/wp\/v2\/pages"}],"about":[{"href":"https:\/\/ferienhausromantica.ch\/wordpress\/index.php?rest_route=\/wp\/v2\/types\/page"}],"author":[{"embeddable":true,"href":"https:\/\/ferienhausromantica.ch\/wordpress\/index.php?rest_route=\/wp\/v2\/users\/1"}],"replies":[{"embeddable":true,"href":"https:\/\/ferienhausromantica.ch\/wordpress\/index.php?rest_route=%2Fwp%2Fv2%2Fcomments&post=204"}],"version-history":[{"count":7,"href":"https:\/\/ferienhausromantica.ch\/wordpress\/index.php?rest_route=\/wp\/v2\/pages\/204\/revisions"}],"predecessor-version":[{"id":1128,"href":"https:\/\/ferienhausromantica.ch\/wordpress\/index.php?rest_route=\/wp\/v2\/pages\/204\/revisions\/1128"}],"wp:attachment":[{"href":"https:\/\/ferienhausromantica.ch\/wordpress\/index.php?rest_route=%2Fwp%2Fv2%2Fmedia&parent=204"}],"curies":[{"name":"wp","href":"https:\/\/api.w.org\/{rel}","templated":true}]}}